{"id":2179,"date":"2026-04-15T16:37:10","date_gmt":"2026-04-15T14:37:10","guid":{"rendered":"https:\/\/zelinka.cz\/?page_id=2179"},"modified":"2026-04-15T16:41:18","modified_gmt":"2026-04-15T14:41:18","slug":"whistleblowing","status":"publish","type":"page","link":"https:\/\/zelinka.cz\/en\/whistleblowing\/","title":{"rendered":"Whistleblowing"},"content":{"rendered":"<section class=\"bde-section-2179-100 bde-section hero-triangle-shape\">\n  \n  \n\t\n\n\n\n<div class=\"section-container\"><h1 class=\"bde-heading-2179-101 bde-heading\">\nWhistleblowing\n<\/h1><div class=\"bde-shortcode-2179-102 bde-shortcode custom-breadcrumbs heading-dec-left\"><nav aria-label=\"breadcrumbs\" class=\"rank-math-breadcrumb\"><p><span class=\"last\">Home<\/span><\/p><\/nav><\/div><\/div>\n<\/section><section class=\"bde-section-2179-145 bde-section polygon-shape-hero-section\">\n  \n  \n\t\n\n\n\n<div class=\"section-container\"><div class=\"bde-div-2179-146 bde-div\">\n  \n  \n\t\n\n\n\n<div class=\"bde-div-2179-147 bde-div\">\n  \n  \n\t\n\n\n\n<h2 class=\"bde-heading-2179-152 bde-heading\">\nWhistleblowing - ozn\u00e1men\u00ed dle z\u00e1kona na ochranu oznamovatel\u016f\n<\/h2>\n<\/div><div class=\"bde-fancy-divider-2179-150 bde-fancy-divider\">\n\n\n<div class=\"bde-fancy-divider__wrapper\">\n  <div class=\"bde-fancy-divider__separator\">\n  \t  <\/div>\n<\/div>\n\n<\/div><div class=\"bde-rich-text-2179-151 bde-rich-text breakdance-rich-text-styles\">\n<p>Jedn\u00e1 se o ozn\u00e1men\u00ed o mo\u017en\u00e9m protipr\u00e1vn\u00edm jedn\u00e1n\u00ed, kter\u00e9 m\u00e1 znaky trestn\u00e9ho \u010dinu nebo p\u0159estupku nebo poru\u0161uje pr\u00e1vn\u00ed p\u0159edpis nebo p\u0159edpis Evropsk\u00e9 unie upravuj\u00edc\u00ed oblasti jejich\u017e v\u00fd\u010det lze nal\u00e9zt v\u00a0oznamovac\u00edm syst\u00e9mu, o jeho\u017e sp\u00e1ch\u00e1n\u00ed se oznamovatel dozv\u011bd\u011bl v\u00a0souvislosti s\u00a0prac\u00ed nebo jinou obdobnou \u010dinnost\u00ed.<\/p>\n<p>Uve\u0159ejn\u011bn\u00ed z\u00e1konn\u00fdch informac\u00ed naleznete\u00a0<a href=\"https:\/\/zelinka.cz\/wp-content\/uploads\/uverejneni_zakonnych_informaci_cjz.pdf\" target=\"_blank\" rel=\"noopener\">ZDE<\/a>.<\/p>\n<\/div>\n<\/div><\/div>\n<\/section>","protected":false},"excerpt":{"rendered":"<p>Whistleblowing \u00davod Whistleblowing &#8211; ozn\u00e1men\u00ed dle z\u00e1kona na ochranu oznamovatel\u016f Jedn\u00e1 se o ozn\u00e1men\u00ed o mo\u017en\u00e9m protipr\u00e1vn\u00edm jedn\u00e1n\u00ed, kter\u00e9 m\u00e1 znaky trestn\u00e9ho \u010dinu nebo p\u0159estupku nebo poru\u0161uje pr\u00e1vn\u00ed p\u0159edpis nebo p\u0159edpis Evropsk\u00e9 unie upravuj\u00edc\u00ed oblasti jejich\u017e v\u00fd\u010det lze nal\u00e9zt v\u00a0oznamovac\u00edm syst\u00e9mu, o jeho\u017e sp\u00e1ch\u00e1n\u00ed se oznamovatel dozv\u011bd\u011bl v\u00a0souvislosti s\u00a0prac\u00ed nebo jinou obdobnou \u010dinnost\u00ed. Uve\u0159ejn\u011bn\u00ed z\u00e1konn\u00fdch [&hellip;]<\/p>","protected":false},"author":1,"featured_media":0,"parent":0,"menu_order":0,"comment_status":"closed","ping_status":"closed","template":"","meta":{"_acf_changed":false,"_breakdance_hide_in_design_set":false,"_breakdance_tags":"","footnotes":""},"class_list":["post-2179","page","type-page","status-publish","hentry"],"acf":[],"_links":{"self":[{"href":"https:\/\/zelinka.cz\/en\/wp-json\/wp\/v2\/pages\/2179","targetHints":{"allow":["GET"]}}],"collection":[{"href":"https:\/\/zelinka.cz\/en\/wp-json\/wp\/v2\/pages"}],"about":[{"href":"https:\/\/zelinka.cz\/en\/wp-json\/wp\/v2\/types\/page"}],"author":[{"embeddable":true,"href":"https:\/\/zelinka.cz\/en\/wp-json\/wp\/v2\/users\/1"}],"replies":[{"embeddable":true,"href":"https:\/\/zelinka.cz\/en\/wp-json\/wp\/v2\/comments?post=2179"}],"version-history":[{"count":2,"href":"https:\/\/zelinka.cz\/en\/wp-json\/wp\/v2\/pages\/2179\/revisions"}],"predecessor-version":[{"id":2182,"href":"https:\/\/zelinka.cz\/en\/wp-json\/wp\/v2\/pages\/2179\/revisions\/2182"}],"wp:attachment":[{"href":"https:\/\/zelinka.cz\/en\/wp-json\/wp\/v2\/media?parent=2179"}],"curies":[{"name":"wp","href":"https:\/\/api.w.org\/{rel}","templated":true}]}}