{"id":440,"date":"2025-11-10T04:07:15","date_gmt":"2025-11-10T02:07:15","guid":{"rendered":"https:\/\/zelinka.cz\/?page_id=440"},"modified":"2025-12-16T00:09:07","modified_gmt":"2025-12-15T22:09:07","slug":"rules-on-the-protection-of-personal-data","status":"publish","type":"page","link":"https:\/\/zelinka.cz\/en\/rules-on-the-protection-of-personal-data\/","title":{"rendered":"Privacy Policy"},"content":{"rendered":"<section class=\"bde-section-440-100 bde-section hero-triangle-shape\">\n  \n  \n\t\n\n\n\n<div class=\"section-container\"><h1 class=\"bde-heading-440-101 bde-heading\">\nPrivacy Policy\n<\/h1><div class=\"bde-shortcode-440-111 bde-shortcode custom-breadcrumbs heading-dec-left\"><nav aria-label=\"breadcrumbs\" class=\"rank-math-breadcrumb\"><p><span class=\"last\">Home<\/span><\/p><\/nav><\/div><\/div>\n<\/section><section class=\"bde-section-440-103 bde-section polygon-shape-hero-section\">\n  \n  \n\t\n\n\n\n<div class=\"section-container\"><div class=\"bde-div-440-104 bde-div\">\n  \n  \n\t\n\n\n\n<div class=\"bde-div-440-115 bde-div\">\n  \n  \n\t\n\n\n\n<div class=\"bde-icon-440-116 bde-icon\">\n\n    \n            <div class=\"bde-icon-icon breakdance-icon-atom\" >\n    \n                    <svg xmlns=\"http:\/\/www.w3.org\/2000\/svg\" width=\"20\" height=\"20\" viewbox=\"0 0 20 20\" fill=\"none\">\r\n<path d=\"M0 0L20 10.1463L0 20L0 0Z\" fill=\"#EE8419\"\/>\r\n<\/svg>\n        \n        \n        \n            <\/div>\n    \n\n\n<\/div><a class=\"bde-text-link-440-118 bde-text-link breakdance-link\" href=\"https:\/\/zelinka.cz\/wp-content\/uploads\/SOUHLAS-SE-ZPRACOVANIM-OSOBNICH-UDAJU_CJZ.docx\" target=\"_blank\" data-type=\"url\">\n  <h3 >\n  Principles of personal data protection in the company Celn\u00ed jednatelstv\u00ed Zelinka s.r.o.\n  <\/h3>\n\n<\/a>\n<\/div><div class=\"bde-fancy-divider-440-113 bde-fancy-divider\">\n\n\n<div class=\"bde-fancy-divider__wrapper\">\n  <div class=\"bde-fancy-divider__separator\">\n  \t  <\/div>\n<\/div>\n\n<\/div><div class=\"bde-rich-text-440-112 bde-rich-text breakdance-rich-text-styles\">\n<p>Within the meaning of Regulation (EU) 2016\/679 of the European Parliament and of the Council of 27 April 2016 on the protection of natural persons with regard to the processing of personal data and on the free movement of such data and repealing Directive 95\/46\/EC (hereinafter referred to as \u201eGDPR\u201c),<\/p>\n<p>issued by the company Celn\u00ed jednatelstv\u00ed Zelinka s.r.o., company registration number: 29376211, with registered office at K Leti\u0161ti 1088\/59 Praha 6 - Ruzyn\u011b, 161 00, registered in the Commercial Register at the Municipal Court in Prague under file No. C 275689, as the administrator of personal data (hereinafter also referred to as \u201eWe\u201c or \u201eCompany\u201c)<\/p>\n<p>The Company will provide you (hereinafter referred to as \u201eyou\u201c), as a user of the website\u00a0<a href=\"https:\/\/zelinka.cz\/en\/\">www.zelinka.cz<\/a>\u00a0(hereinafter referred to as the \u201eWebsite\u201c), or as potential or current contractual partners, hereby informs you of the basic principles of personal data protection in the Company described below (hereinafter referred to as the \u201ePrinciples\u201c), including the principles for processing personal data, privacy protection, measures to protect personal data, instructions on your rights related thereto, etc. matters within the meaning of the relevant provisions of the GDPR:<\/p>\n<p><strong>In the following you will find out in particular:<\/strong><br \/>1. What personal data we will process;<br \/>2. For what purposes and how we will process your personal data;<br \/>3. To whom your personal data may be transferred;<br \/>4. For how long we will process your personal data;<br \/>5. What rights you have in relation to the protection of your personal data;<br \/>6. Further information.<\/p>\n<p>If you need any part of the text explained, advised or to discuss further processing of your personal data, you can contact us at any time at the following e-mail address:\u00a0<a href=\"mailto:gdpr@zelinka.cz\">gdpr@zelinka.cz<\/a>.<\/p>\n<\/div>\n<\/div><\/div>\n<\/section>","protected":false},"excerpt":{"rendered":"<p>Z\u00e1sady ochrany osobn\u00edch \u00fadaj\u016f \u00davod Z\u00e1sady ochrany osobnn\u00edch \u00fadaj\u016f ve spole\u010dnosti Celn\u00ed jednatelstv\u00ed Zelinka s.r.o. Ve smyslu na\u0159\u00edzen\u00ed Evropsk\u00e9ho parlamentu a Rady (EU) 2016\/679 ze dne 27. dubna 2016, o ochran\u011b fyzick\u00fdch osob v souvislosti se zpracov\u00e1n\u00edm osobn\u00edch \u00fadaj\u016f a o voln\u00e9m pohybu t\u011bchto \u00fadaj\u016f a o zru\u0161en\u00ed sm\u011brnice 95\/46\/EC (d\u00e1le jen \u201eGDPR\u201c), vydan\u00e9 obchodn\u00ed [&hellip;]<\/p>","protected":false},"author":1,"featured_media":0,"parent":0,"menu_order":0,"comment_status":"closed","ping_status":"closed","template":"","meta":{"_acf_changed":false,"_breakdance_hide_in_design_set":false,"_breakdance_tags":"","footnotes":""},"class_list":["post-440","page","type-page","status-publish","hentry"],"acf":[],"_links":{"self":[{"href":"https:\/\/zelinka.cz\/en\/wp-json\/wp\/v2\/pages\/440","targetHints":{"allow":["GET"]}}],"collection":[{"href":"https:\/\/zelinka.cz\/en\/wp-json\/wp\/v2\/pages"}],"about":[{"href":"https:\/\/zelinka.cz\/en\/wp-json\/wp\/v2\/types\/page"}],"author":[{"embeddable":true,"href":"https:\/\/zelinka.cz\/en\/wp-json\/wp\/v2\/users\/1"}],"replies":[{"embeddable":true,"href":"https:\/\/zelinka.cz\/en\/wp-json\/wp\/v2\/comments?post=440"}],"version-history":[{"count":16,"href":"https:\/\/zelinka.cz\/en\/wp-json\/wp\/v2\/pages\/440\/revisions"}],"predecessor-version":[{"id":1822,"href":"https:\/\/zelinka.cz\/en\/wp-json\/wp\/v2\/pages\/440\/revisions\/1822"}],"wp:attachment":[{"href":"https:\/\/zelinka.cz\/en\/wp-json\/wp\/v2\/media?parent=440"}],"curies":[{"name":"wp","href":"https:\/\/api.w.org\/{rel}","templated":true}]}}