{"id":443,"date":"2025-11-10T04:11:25","date_gmt":"2025-11-10T02:11:25","guid":{"rendered":"https:\/\/zelinka.cz\/?page_id=443"},"modified":"2025-12-16T12:27:46","modified_gmt":"2025-12-16T10:27:46","slug":"cookie-policy","status":"publish","type":"page","link":"https:\/\/zelinka.cz\/en\/cookie-policy\/","title":{"rendered":"Cookie Policy"},"content":{"rendered":"<section class=\"bde-section-443-100 bde-section hero-triangle-shape\">\n  \n  \n\t\n\n\n\n<div class=\"section-container\"><h1 class=\"bde-heading-443-101 bde-heading\">\nCookie Policy\n<\/h1><div class=\"bde-shortcode-443-111 bde-shortcode custom-breadcrumbs heading-dec-left\"><nav aria-label=\"breadcrumbs\" class=\"rank-math-breadcrumb\"><p><span class=\"last\">Home<\/span><\/p><\/nav><\/div><\/div>\n<\/section><section class=\"bde-section-443-103 bde-section polygon-shape-hero-section\">\n  \n  \n\t\n\n\n\n<div class=\"section-container\"><div class=\"bde-div-443-104 bde-div\">\n  \n  \n\t\n\n\n\n<div class=\"bde-text-443-106 bde-text\">\nThis Cookie Policy (\u201eCookie Policy\u201c) describes how Celn\u00ed jednatelstv\u00ed Zelinka s.r.o. uses cookies and other similar technologies on its website.\n<\/div><h2 class=\"bde-heading-443-107 bde-heading\">\nPersonal data controller\n<\/h2><div class=\"bde-rich-text-443-112 bde-rich-text breakdance-rich-text-styles\">\n<p data-start=\"818\" data-end=\"845\">The data controller is:<\/p>\n<p data-start=\"847\" data-end=\"1028\"><strong data-start=\"847\" data-end=\"884\">Celn\u00ed jednatelstv\u00ed Zelinka s.r.o.<\/strong><br data-start=\"884\" data-end=\"887\" \/>ICKO: 293 76 211<br data-start=\"902\" data-end=\"905\" \/>DIC: CZ29376211<br data-start=\"920\" data-end=\"923\" \/>Headquarters: K leti\u0161ti 1088\/59, Ruzyn\u011b, 161 00 Prague, Czech Republic<br data-start=\"986\" data-end=\"989\" \/>E-mail: <strong data-start=\"997\" data-end=\"1028\"><a class=\"decorated-link cursor-pointer\" rel=\"noopener\" data-start=\"999\" data-end=\"1026\">jaroslav.zelinka@zelinka.cz<\/a><\/strong><\/p>\n<\/div><h2 class=\"bde-heading-443-113 bde-heading\">\nWhat are cookies\n<\/h2><div class=\"bde-rich-text-443-114 bde-rich-text breakdance-rich-text-styles\">\n<p data-start=\"818\" data-end=\"845\">Cookies are small text files that are stored on your device (computer, tablet, mobile phone) by your web browser when you visit a website. In particular, cookies allow your device to be recognised, to remember certain information and to ensure the correct functionality of the website.<\/p>\n<\/div><h2 class=\"bde-heading-443-115 bde-heading\">\nWhat types of cookies we use\n<\/h2><div class=\"bde-rich-text-443-116 bde-rich-text breakdance-rich-text-styles\">\n<p data-start=\"1400\" data-end=\"1469\">We use the following categories of cookies on our website:<\/p>\n<\/div><h3 class=\"bde-heading-443-117 bde-heading\">\nStrictly necessary (technical) cookies\n<\/h3><div class=\"bde-rich-text-443-118 bde-rich-text breakdance-rich-text-styles\">\n<p data-start=\"1515\" data-end=\"1676\">These cookies are necessary for the proper functioning of the website and its basic functions. Without these cookies it would not be possible to operate the website properly.<\/p>\n<p data-start=\"1678\" data-end=\"1697\">These include:<\/p>\n<ul data-start=\"1698\" data-end=\"1836\">\n<li data-start=\"1698\" data-end=\"1742\">\n<p data-start=\"1700\" data-end=\"1742\">cookies ensuring the technical operation of the website,<\/p>\n<\/li>\n<li data-start=\"1743\" data-end=\"1766\">\n<p data-start=\"1745\" data-end=\"1766\">security cookies,<\/p>\n<\/li>\n<li data-start=\"1767\" data-end=\"1836\">\n<p data-start=\"1769\" data-end=\"1836\">cookies related to logging into the site administration (WordPress).<\/p>\n<\/li>\n<\/ul>\n<p data-start=\"1838\" data-end=\"1890\">Use of these cookies <strong data-start=\"1863\" data-end=\"1889\">does not require your consent<\/strong>.<\/p>\n<\/div><h3 class=\"bde-heading-443-119 bde-heading\">\nSecurity cookies\n<\/h3><div class=\"bde-rich-text-443-120 bde-rich-text breakdance-rich-text-styles\">\n<p data-start=\"1927\" data-end=\"2023\">Security cookies are used to protect websites and their users. For example, they help with:<\/p>\n<ul data-start=\"2024\" data-end=\"2109\">\n<li data-start=\"2024\" data-end=\"2046\">\n<p data-start=\"2026\" data-end=\"2046\">access authentication,<\/p>\n<\/li>\n<li data-start=\"2047\" data-end=\"2077\">\n<p data-start=\"2049\" data-end=\"2077\">preventing fraudulent behaviour,<\/p>\n<\/li>\n<li data-start=\"2078\" data-end=\"2109\">\n<p data-start=\"2080\" data-end=\"2109\">protection against website abuse.<\/p>\n<\/li>\n<\/ul>\n<p data-start=\"2111\" data-end=\"2162\">These cookies are considered technically necessary.<\/p>\n<\/div><h3 class=\"bde-heading-443-121 bde-heading\">\nAnalytical cookies\n<\/h3><div class=\"bde-rich-text-443-122 bde-rich-text breakdance-rich-text-styles\">\n<p data-start=\"2197\" data-end=\"2345\">Analytical cookies allow us to analyse the way visitors use our website to improve its functionality, content and performance.<\/p>\n<p data-start=\"2347\" data-end=\"2365\">On the web we use:<\/p>\n<ul data-start=\"2366\" data-end=\"2482\">\n<li data-start=\"2366\" data-end=\"2399\">\n<p data-start=\"2368\" data-end=\"2399\"><strong data-start=\"2368\" data-end=\"2396\">Google Analytics 4 (GA4)<\/strong>,<\/p>\n<\/li>\n<li data-start=\"2400\" data-end=\"2448\">\n<p data-start=\"2402\" data-end=\"2448\">via <strong data-start=\"2418\" data-end=\"2447\">Google Tag Manager (GTM)<\/strong>,<\/p>\n<\/li>\n<li data-start=\"2449\" data-end=\"2482\">\n<p data-start=\"2451\" data-end=\"2482\">with active <strong data-start=\"2462\" data-end=\"2481\">Consent Mode v2<\/strong>.<\/p>\n<\/li>\n<\/ul>\n<p data-start=\"2484\" data-end=\"2658\">Data is processed <strong data-start=\"2507\" data-end=\"2530\">in aggregated form<\/strong> and is used exclusively for statistical and analytical purposes. Analytical cookies are used <strong data-start=\"2621\" data-end=\"2657\">only on the basis of your consent<\/strong>.<\/p>\n<\/div><h3 class=\"bde-heading-443-123 bde-heading\">\nMarketing cookies\n<\/h3><div class=\"bde-rich-text-443-124 bde-rich-text breakdance-rich-text-styles\">\n<p data-start=\"2695\" data-end=\"2920\">Marketing cookies are used to display content and possible advertising that is relevant to your interests. These cookies may be used by us or by third parties through tools managed by Google Tag Manager.<\/p>\n<p data-start=\"2922\" data-end=\"2998\">Marketing cookies are used <strong data-start=\"2958\" data-end=\"2997\">solely on the basis of your consent<\/strong>.<\/p>\n<\/div><h2 class=\"bde-heading-443-126 bde-heading\">\nManaging consent to cookies\n<\/h2><div class=\"bde-rich-text-443-127 bde-rich-text breakdance-rich-text-styles\">\n<p data-start=\"3038\" data-end=\"3124\">When you first visit the website, you are shown a cookie bar that allows you to:<\/p>\n<ul data-start=\"3125\" data-end=\"3296\">\n<li data-start=\"3125\" data-end=\"3192\">\n<p data-start=\"3127\" data-end=\"3192\">to grant or refuse consent to particular categories of cookies,<\/p>\n<\/li>\n<li data-start=\"3193\" data-end=\"3251\">\n<p data-start=\"3195\" data-end=\"3251\">choose the granularity of consent (analytical\/marketing),<\/p>\n<\/li>\n<li data-start=\"3252\" data-end=\"3296\">\n<p data-start=\"3254\" data-end=\"3296\">change or withdraw your consent at any time.<\/p>\n<\/li>\n<\/ul>\n<p data-start=\"3298\" data-end=\"3446\">Consents are managed through a custom solution implemented using <strong data-start=\"3380\" data-end=\"3403\">Google Tag Manager<\/strong> in accordance with the requirements <strong data-start=\"3426\" data-end=\"3445\">Consent Mode v2<\/strong>.<\/p>\n<\/div><h2 class=\"bde-heading-443-128 bde-heading\">\nHow you can refuse or restrict cookies\n<\/h2><div class=\"bde-rich-text-443-129 bde-rich-text breakdance-rich-text-styles\">\n<p data-start=\"3501\" data-end=\"3535\">You can influence the use of cookies:<\/p>\n<ul data-start=\"3536\" data-end=\"3648\">\n<li data-start=\"3536\" data-end=\"3575\">\n<p data-start=\"3538\" data-end=\"3575\">by adjusting your web browser settings,<\/p>\n<\/li>\n<li data-start=\"3576\" data-end=\"3648\">\n<p data-start=\"3578\" data-end=\"3648\">by changing the consent settings in the cookie bar on our website.<\/p>\n<\/li>\n<\/ul>\n<p data-start=\"3650\" data-end=\"3740\">Please note that restricting or blocking certain cookies may affect the functionality of the website.<\/p>\n<\/div><h2 class=\"bde-heading-443-130 bde-heading\">\nTransfer of data to third parties\n<\/h2><div class=\"bde-rich-text-443-131 bde-rich-text breakdance-rich-text-styles\">\n<p data-start=\"3785\" data-end=\"3990\">The use of analytics and marketing cookies may involve the processing of data by third parties, in particular Google, in accordance with their terms and conditions and privacy policies.<\/p>\n<\/div><h2 class=\"bde-heading-443-132 bde-heading\">\nChanges to this policy\n<\/h2><div class=\"bde-rich-text-443-133 bde-rich-text breakdance-rich-text-styles\">\n<p data-start=\"3785\" data-end=\"3990\">We may update this Cookie Policy from time to time. The current version is always available on our website.<\/p>\n<\/div><h2 class=\"bde-heading-443-134 bde-heading\">\nContact details\n<\/h2><div class=\"bde-rich-text-443-135 bde-rich-text breakdance-rich-text-styles\">\n<p data-start=\"3785\" data-end=\"3990\">If you have any questions about the use of cookies or privacy, you can contact us at: <a href=\"mailto:jaroslav.zelinka@zelinka.cz\">jaroslav.zelinka@zelinka.cz<\/a>.<\/p>\n<\/div><div class=\"bde-rich-text-443-136 bde-rich-text breakdance-rich-text-styles\">\n<p data-start=\"3785\" data-end=\"3990\">This document is valid from 16.12.2025.<\/p>\n<\/div>\n<\/div><\/div>\n<\/section>","protected":false},"excerpt":{"rendered":"<p>Z\u00e1sady cookies \u00davod Tyto z\u00e1sady pou\u017e\u00edv\u00e1n\u00ed soubor\u016f cookies (d\u00e1le jen \u201eZ\u00e1sady cookies\u201c) popisuj\u00ed, jak\u00fdm zp\u016fsobem spole\u010dnost Celn\u00ed jednatelstv\u00ed Zelinka s.r.o. pou\u017e\u00edv\u00e1 soubory cookies a dal\u0161\u00ed obdobn\u00e9 technologie na sv\u00fdch webov\u00fdch str\u00e1nk\u00e1ch. Spr\u00e1vce osobn\u00edch \u00fadaj\u016f Spr\u00e1vcem osobn\u00edch \u00fadaj\u016f je: Celn\u00ed jednatelstv\u00ed Zelinka s.r.o.I\u010cO: 293 76 211DI\u010c: CZ29376211S\u00eddlo: K leti\u0161ti 1088\/59, Ruzyn\u011b, 161 00 Praha, \u010cesk\u00e1 republikaE-mail: [&hellip;]<\/p>","protected":false},"author":1,"featured_media":0,"parent":0,"menu_order":0,"comment_status":"closed","ping_status":"closed","template":"","meta":{"_acf_changed":false,"_breakdance_hide_in_design_set":false,"_breakdance_tags":"","footnotes":""},"class_list":["post-443","page","type-page","status-publish","hentry"],"acf":[],"_links":{"self":[{"href":"https:\/\/zelinka.cz\/en\/wp-json\/wp\/v2\/pages\/443","targetHints":{"allow":["GET"]}}],"collection":[{"href":"https:\/\/zelinka.cz\/en\/wp-json\/wp\/v2\/pages"}],"about":[{"href":"https:\/\/zelinka.cz\/en\/wp-json\/wp\/v2\/types\/page"}],"author":[{"embeddable":true,"href":"https:\/\/zelinka.cz\/en\/wp-json\/wp\/v2\/users\/1"}],"replies":[{"embeddable":true,"href":"https:\/\/zelinka.cz\/en\/wp-json\/wp\/v2\/comments?post=443"}],"version-history":[{"count":13,"href":"https:\/\/zelinka.cz\/en\/wp-json\/wp\/v2\/pages\/443\/revisions"}],"predecessor-version":[{"id":1870,"href":"https:\/\/zelinka.cz\/en\/wp-json\/wp\/v2\/pages\/443\/revisions\/1870"}],"wp:attachment":[{"href":"https:\/\/zelinka.cz\/en\/wp-json\/wp\/v2\/media?parent=443"}],"curies":[{"name":"wp","href":"https:\/\/api.w.org\/{rel}","templated":true}]}}