{"id":519,"date":"2025-11-12T10:44:29","date_gmt":"2025-11-12T08:44:29","guid":{"rendered":"https:\/\/zelinka.cz\/?page_id=519"},"modified":"2025-12-18T23:04:56","modified_gmt":"2025-12-18T21:04:56","slug":"customs-services","status":"publish","type":"page","link":"https:\/\/zelinka.cz\/en\/our-services\/customs-services\/","title":{"rendered":"Customs services"},"content":{"rendered":"<section class=\"bde-section-519-100 bde-section hero-triangle-shape\">\n  \n  \n\t\n\n\n\n<div class=\"section-container\"><h1 class=\"bde-heading-519-101 bde-heading\">\nCustoms services\n<\/h1><div class=\"bde-shortcode-519-128 bde-shortcode custom-breadcrumbs heading-dec-left\"><nav aria-label=\"breadcrumbs\" class=\"rank-math-breadcrumb\"><p><span class=\"last\">Home<\/span><\/p><\/nav><\/div><\/div>\n<\/section><section class=\"bde-section-519-103 bde-section polygon-shape-hero-section\">\n  \n  \n\t\n\n\n\n<div class=\"section-container\"><div class=\"bde-grid-519-104 bde-grid\">\n  \n  \n\t\n\n\n\n<div class=\"bde-div-519-105 bde-div\">\n  \n  \n\t\n\n\n\n<div class=\"bde-icon-519-129 bde-icon\">\n\n    \n            <div class=\"bde-icon-icon breakdance-icon-atom\" >\n    \n                    <svg xmlns=\"http:\/\/www.w3.org\/2000\/svg\" width=\"20\" height=\"20\" viewbox=\"0 0 20 20\" fill=\"none\">\r\n<path d=\"M0 0L20 10.1463L0 20L0 0Z\" fill=\"#EE8419\"\/>\r\n<\/svg>\n        \n        \n        \n            <\/div>\n    \n\n\n<\/div><h3 class=\"bde-heading-519-107 bde-heading\">\nRepresentation across all customs regimes\n<\/h3>\n<\/div><div class=\"bde-div-519-109 bde-div\">\n  \n  \n\t\n\n\n\n<div class=\"bde-icon-519-131 bde-icon\">\n\n    \n            <div class=\"bde-icon-icon breakdance-icon-atom\" >\n    \n                    <svg xmlns=\"http:\/\/www.w3.org\/2000\/svg\" width=\"20\" height=\"20\" viewbox=\"0 0 20 20\" fill=\"none\">\r\n<path d=\"M0 0L20 10.1463L0 20L0 0Z\" fill=\"#EE8419\"\/>\r\n<\/svg>\n        \n        \n        \n            <\/div>\n    \n\n\n<\/div><h3 class=\"bde-heading-519-110 bde-heading\">\nCustoms debt secured by a customs guarantee\n<\/h3>\n<\/div><div class=\"bde-div-519-112 bde-div\">\n  \n  \n\t\n\n\n\n<div class=\"bde-icon-519-130 bde-icon\">\n\n    \n            <div class=\"bde-icon-icon breakdance-icon-atom\" >\n    \n                    <svg xmlns=\"http:\/\/www.w3.org\/2000\/svg\" width=\"20\" height=\"20\" viewbox=\"0 0 20 20\" fill=\"none\">\r\n<path d=\"M0 0L20 10.1463L0 20L0 0Z\" fill=\"#EE8419\"\/>\r\n<\/svg>\n        \n        \n        \n            <\/div>\n    \n\n\n<\/div><h3 class=\"bde-heading-519-113 bde-heading\">\nUse of simplified customs procedures\n<\/h3>\n<\/div><div class=\"bde-div-519-115 bde-div\">\n  \n  \n\t\n\n\n\n<div class=\"bde-icon-519-133 bde-icon\">\n\n    \n            <div class=\"bde-icon-icon breakdance-icon-atom\" >\n    \n                    <svg xmlns=\"http:\/\/www.w3.org\/2000\/svg\" width=\"20\" height=\"20\" viewbox=\"0 0 20 20\" fill=\"none\">\r\n<path d=\"M0 0L20 10.1463L0 20L0 0Z\" fill=\"#EE8419\"\/>\r\n<\/svg>\n        \n        \n        \n            <\/div>\n    \n\n\n<\/div><h3 class=\"bde-heading-519-116 bde-heading\">\nOption to pay customs duties on behalf of the customer\n<\/h3>\n<\/div><div class=\"bde-div-519-118 bde-div\">\n  \n  \n\t\n\n\n\n<div class=\"bde-icon-519-134 bde-icon\">\n\n    \n            <div class=\"bde-icon-icon breakdance-icon-atom\" >\n    \n                    <svg xmlns=\"http:\/\/www.w3.org\/2000\/svg\" width=\"20\" height=\"20\" viewbox=\"0 0 20 20\" fill=\"none\">\r\n<path d=\"M0 0L20 10.1463L0 20L0 0Z\" fill=\"#EE8419\"\/>\r\n<\/svg>\n        \n        \n        \n            <\/div>\n    \n\n\n<\/div><h3 class=\"bde-heading-519-119 bde-heading\">\nOther services, including document verification and legalisation by the Chamber of Commerce or an embassy, as well as document pick-up and delivery\n<\/h3>\n<\/div>\n<\/div><\/div>\n<\/section>","protected":false},"excerpt":{"rendered":"<p>Celn\u00ed slu\u017eby \u00davod Zastupov\u00e1n\u00ed ve v\u0161ech celn\u00edch re\u017eimech Zaji\u0161t\u011bn\u00ed celn\u00edho dluhu vlastn\u00ed celn\u00ed z\u00e1rukou Vyu\u017eit\u00ed zjednodu\u0161en\u00fdch postup\u016f Mo\u017enost platby cla za z\u00e1kazn\u00edka Dal\u0161\u00ed slu\u017eby jako je ov\u011b\u0159en\u00ed\/legalizace dokument\u016f na HK (nebo ambas\u00e1d\u011b), vyzvednut\u00ed\/doru\u010den\u00ed dokument\u016f z\u00e1kazn\u00edkovi<\/p>","protected":false},"author":1,"featured_media":0,"parent":50,"menu_order":0,"comment_status":"closed","ping_status":"closed","template":"","meta":{"_acf_changed":false,"_breakdance_hide_in_design_set":false,"_breakdance_tags":"","footnotes":""},"class_list":["post-519","page","type-page","status-publish","hentry"],"acf":[],"_links":{"self":[{"href":"https:\/\/zelinka.cz\/en\/wp-json\/wp\/v2\/pages\/519","targetHints":{"allow":["GET"]}}],"collection":[{"href":"https:\/\/zelinka.cz\/en\/wp-json\/wp\/v2\/pages"}],"about":[{"href":"https:\/\/zelinka.cz\/en\/wp-json\/wp\/v2\/types\/page"}],"author":[{"embeddable":true,"href":"https:\/\/zelinka.cz\/en\/wp-json\/wp\/v2\/users\/1"}],"replies":[{"embeddable":true,"href":"https:\/\/zelinka.cz\/en\/wp-json\/wp\/v2\/comments?post=519"}],"version-history":[{"count":16,"href":"https:\/\/zelinka.cz\/en\/wp-json\/wp\/v2\/pages\/519\/revisions"}],"predecessor-version":[{"id":1874,"href":"https:\/\/zelinka.cz\/en\/wp-json\/wp\/v2\/pages\/519\/revisions\/1874"}],"up":[{"embeddable":true,"href":"https:\/\/zelinka.cz\/en\/wp-json\/wp\/v2\/pages\/50"}],"wp:attachment":[{"href":"https:\/\/zelinka.cz\/en\/wp-json\/wp\/v2\/media?parent=519"}],"curies":[{"name":"wp","href":"https:\/\/api.w.org\/{rel}","templated":true}]}}