{"id":522,"date":"2025-11-12T10:49:19","date_gmt":"2025-11-12T08:49:19","guid":{"rendered":"https:\/\/zelinka.cz\/?page_id=522"},"modified":"2026-02-23T13:03:51","modified_gmt":"2026-02-23T11:03:51","slug":"consultation","status":"publish","type":"page","link":"https:\/\/zelinka.cz\/en\/our-services\/consultation\/","title":{"rendered":"Consultation"},"content":{"rendered":"<section class=\"bde-section-522-100 bde-section hero-triangle-shape\">\n  \n  \n\t\n\n\n\n<div class=\"section-container\"><h1 class=\"bde-heading-522-101 bde-heading\">\nConsultation\n<\/h1><div class=\"bde-shortcode-522-123 bde-shortcode custom-breadcrumbs heading-dec-left\"><nav aria-label=\"breadcrumbs\" class=\"rank-math-breadcrumb\"><p><span class=\"last\">Home<\/span><\/p><\/nav><\/div><\/div>\n<\/section><section class=\"bde-section-522-103 bde-section polygon-shape-hero-section\">\n  \n  \n\t\n\n\n\n<div class=\"section-container\"><div class=\"bde-grid-522-104 bde-grid\">\n  \n  \n\t\n\n\n\n<div class=\"bde-div-522-105 bde-div\">\n  \n  \n\t\n\n\n\n<div class=\"bde-icon-522-124 bde-icon\">\n\n    \n            <div class=\"bde-icon-icon breakdance-icon-atom\" >\n    \n                    <svg xmlns=\"http:\/\/www.w3.org\/2000\/svg\" width=\"20\" height=\"20\" viewbox=\"0 0 20 20\" fill=\"none\">\r\n<path d=\"M0 0L20 10.1463L0 20L0 0Z\" fill=\"#EE8419\"\/>\r\n<\/svg>\n        \n        \n        \n            <\/div>\n    \n\n\n<\/div><h3 class=\"bde-heading-522-106 bde-heading\">\nVAT consultations in international trade\n<\/h3>\n<\/div><div class=\"bde-div-522-108 bde-div\">\n  \n  \n\t\n\n\n\n<div class=\"bde-icon-522-125 bde-icon\">\n\n    \n            <div class=\"bde-icon-icon breakdance-icon-atom\" >\n    \n                    <svg xmlns=\"http:\/\/www.w3.org\/2000\/svg\" width=\"20\" height=\"20\" viewbox=\"0 0 20 20\" fill=\"none\">\r\n<path d=\"M0 0L20 10.1463L0 20L0 0Z\" fill=\"#EE8419\"\/>\r\n<\/svg>\n        \n        \n        \n            <\/div>\n    \n\n\n<\/div><h3 class=\"bde-heading-522-109 bde-heading\">\nCustoms consulting and support, including regulations, tariff classification, risk mitigation and identification of potential savings\n<\/h3>\n<\/div><div class=\"bde-div-522-111 bde-div\">\n  \n  \n\t\n\n\n\n<div class=\"bde-icon-522-126 bde-icon\">\n\n    \n            <div class=\"bde-icon-icon breakdance-icon-atom\" >\n    \n                    <svg xmlns=\"http:\/\/www.w3.org\/2000\/svg\" width=\"20\" height=\"20\" viewbox=\"0 0 20 20\" fill=\"none\">\r\n<path d=\"M0 0L20 10.1463L0 20L0 0Z\" fill=\"#EE8419\"\/>\r\n<\/svg>\n        \n        \n        \n            <\/div>\n    \n\n\n<\/div><h3 class=\"bde-heading-522-112 bde-heading\">\nConsulting and support for AEO and C-TPAT certification\n<\/h3>\n<\/div><div class=\"bde-div-522-127 bde-div\">\n  \n  \n\t\n\n\n\n<div class=\"bde-icon-522-128 bde-icon\">\n\n    \n            <div class=\"bde-icon-icon breakdance-icon-atom\" >\n    \n                    <svg xmlns=\"http:\/\/www.w3.org\/2000\/svg\" width=\"20\" height=\"20\" viewbox=\"0 0 20 20\" fill=\"none\">\r\n<path d=\"M0 0L20 10.1463L0 20L0 0Z\" fill=\"#EE8419\"\/>\r\n<\/svg>\n        \n        \n        \n            <\/div>\n    \n\n\n<\/div><h3 class=\"bde-heading-522-129 bde-heading\">\nPreparation and submission of Intrastat declarations\n<\/h3>\n<\/div><div class=\"bde-div-522-134 bde-div\">\n  \n  \n\t\n\n\n\n<div class=\"bde-icon-522-135 bde-icon\">\n\n    \n            <div class=\"bde-icon-icon breakdance-icon-atom\" >\n    \n                    <svg xmlns=\"http:\/\/www.w3.org\/2000\/svg\" width=\"20\" height=\"20\" viewbox=\"0 0 20 20\" fill=\"none\">\r\n<path d=\"M0 0L20 10.1463L0 20L0 0Z\" fill=\"#EE8419\"\/>\r\n<\/svg>\n        \n        \n        \n            <\/div>\n    \n\n\n<\/div><h3 class=\"bde-heading-522-136 bde-heading\">\nEUDR - consultation and setup of due diligence and traceability processes for commodities under the EU Deforestation Regulation\n<\/h3>\n<\/div><div class=\"bde-div-522-137 bde-div\">\n  \n  \n\t\n\n\n\n<div class=\"bde-icon-522-138 bde-icon\">\n\n    \n            <div class=\"bde-icon-icon breakdance-icon-atom\" >\n    \n                    <svg xmlns=\"http:\/\/www.w3.org\/2000\/svg\" width=\"20\" height=\"20\" viewbox=\"0 0 20 20\" fill=\"none\">\r\n<path d=\"M0 0L20 10.1463L0 20L0 0Z\" fill=\"#EE8419\"\/>\r\n<\/svg>\n        \n        \n        \n            <\/div>\n    \n\n\n<\/div><h3 class=\"bde-heading-522-139 bde-heading\">\nCBAM - processing and checking of emission reports for imports of selected commodities under the border carbon offsetting mechanism \n<\/h3>\n<\/div>\n<\/div><\/div>\n<\/section>","protected":false},"excerpt":{"rendered":"<p>Konzultace \u00davod Konzultace v oblasti DPH v zahrani\u010dn\u00edm obchod\u011b Podpora a konzultace v oblasti celn\u00ed problematiky, p\u0159edpis\u016f, sazebn\u00edho za\u0159azen\u00ed zbo\u017e\u00ed, eliminace rizik a identifikace p\u0159\u00edpadn\u00fdch \u00faspor Konzultace, podpora p\u0159i zaveden\u00ed AEO certifikace a implementace certifikace C-TPAT Zpracov\u00e1n\u00ed v\u00fdkazu obchodu mezi zem\u011bmi EU \u2013 INTRASTAT EUDR &#8211; konzultace a nastaven\u00ed proces\u016f n\u00e1le\u017eit\u00e9 p\u00e9\u010de (due diligence) a [&hellip;]<\/p>","protected":false},"author":1,"featured_media":0,"parent":50,"menu_order":0,"comment_status":"closed","ping_status":"closed","template":"","meta":{"_acf_changed":false,"_breakdance_hide_in_design_set":false,"_breakdance_tags":"","footnotes":""},"class_list":["post-522","page","type-page","status-publish","hentry"],"acf":[],"_links":{"self":[{"href":"https:\/\/zelinka.cz\/en\/wp-json\/wp\/v2\/pages\/522","targetHints":{"allow":["GET"]}}],"collection":[{"href":"https:\/\/zelinka.cz\/en\/wp-json\/wp\/v2\/pages"}],"about":[{"href":"https:\/\/zelinka.cz\/en\/wp-json\/wp\/v2\/types\/page"}],"author":[{"embeddable":true,"href":"https:\/\/zelinka.cz\/en\/wp-json\/wp\/v2\/users\/1"}],"replies":[{"embeddable":true,"href":"https:\/\/zelinka.cz\/en\/wp-json\/wp\/v2\/comments?post=522"}],"version-history":[{"count":10,"href":"https:\/\/zelinka.cz\/en\/wp-json\/wp\/v2\/pages\/522\/revisions"}],"predecessor-version":[{"id":1993,"href":"https:\/\/zelinka.cz\/en\/wp-json\/wp\/v2\/pages\/522\/revisions\/1993"}],"up":[{"embeddable":true,"href":"https:\/\/zelinka.cz\/en\/wp-json\/wp\/v2\/pages\/50"}],"wp:attachment":[{"href":"https:\/\/zelinka.cz\/en\/wp-json\/wp\/v2\/media?parent=522"}],"curies":[{"name":"wp","href":"https:\/\/api.w.org\/{rel}","templated":true}]}}