{"id":525,"date":"2025-11-12T10:50:39","date_gmt":"2025-11-12T08:50:39","guid":{"rendered":"https:\/\/zelinka.cz\/?page_id=525"},"modified":"2025-12-18T23:07:47","modified_gmt":"2025-12-18T21:07:47","slug":"process-optimization","status":"publish","type":"page","link":"https:\/\/zelinka.cz\/en\/our-services\/process-optimization\/","title":{"rendered":"Process optimization"},"content":{"rendered":"<section class=\"bde-section-525-100 bde-section hero-triangle-shape\">\n  \n  \n\t\n\n\n\n<div class=\"section-container\"><h1 class=\"bde-heading-525-101 bde-heading\">\nProcess optimization\n<\/h1><div class=\"bde-shortcode-525-123 bde-shortcode custom-breadcrumbs heading-dec-left\"><nav aria-label=\"breadcrumbs\" class=\"rank-math-breadcrumb\"><p><span class=\"last\">Home<\/span><\/p><\/nav><\/div><\/div>\n<\/section><section class=\"bde-section-525-103 bde-section polygon-shape-hero-section\">\n  \n  \n\t\n\n\n\n<div class=\"section-container\"><div class=\"bde-grid-525-104 bde-grid\">\n  \n  \n\t\n\n\n\n<div class=\"bde-div-525-105 bde-div\">\n  \n  \n\t\n\n\n\n<div class=\"bde-icon-525-124 bde-icon\">\n\n    \n            <div class=\"bde-icon-icon breakdance-icon-atom\" >\n    \n                    <svg xmlns=\"http:\/\/www.w3.org\/2000\/svg\" width=\"20\" height=\"20\" viewbox=\"0 0 20 20\" fill=\"none\">\r\n<path d=\"M0 0L20 10.1463L0 20L0 0Z\" fill=\"#EE8419\"\/>\r\n<\/svg>\n        \n        \n        \n            <\/div>\n    \n\n\n<\/div><h3 class=\"bde-heading-525-106 bde-heading\">\nAnalysis and review of customs procedures\n<\/h3>\n<\/div><div class=\"bde-div-525-108 bde-div\">\n  \n  \n\t\n\n\n\n<div class=\"bde-icon-525-128 bde-icon\">\n\n    \n            <div class=\"bde-icon-icon breakdance-icon-atom\" >\n    \n                    <svg xmlns=\"http:\/\/www.w3.org\/2000\/svg\" width=\"20\" height=\"20\" viewbox=\"0 0 20 20\" fill=\"none\">\r\n<path d=\"M0 0L20 10.1463L0 20L0 0Z\" fill=\"#EE8419\"\/>\r\n<\/svg>\n        \n        \n        \n            <\/div>\n    \n\n\n<\/div><h3 class=\"bde-heading-525-109 bde-heading\">\nIndividual approach\n<\/h3>\n<\/div><div class=\"bde-div-525-111 bde-div\">\n  \n  \n\t\n\n\n\n<div class=\"bde-icon-525-125 bde-icon\">\n\n    \n            <div class=\"bde-icon-icon breakdance-icon-atom\" >\n    \n                    <svg xmlns=\"http:\/\/www.w3.org\/2000\/svg\" width=\"20\" height=\"20\" viewbox=\"0 0 20 20\" fill=\"none\">\r\n<path d=\"M0 0L20 10.1463L0 20L0 0Z\" fill=\"#EE8419\"\/>\r\n<\/svg>\n        \n        \n        \n            <\/div>\n    \n\n\n<\/div><h3 class=\"bde-heading-525-112 bde-heading\">\nAdministrative simplification\n<\/h3>\n<\/div><div class=\"bde-div-525-114 bde-div\">\n  \n  \n\t\n\n\n\n<div class=\"bde-icon-525-127 bde-icon\">\n\n    \n            <div class=\"bde-icon-icon breakdance-icon-atom\" >\n    \n                    <svg xmlns=\"http:\/\/www.w3.org\/2000\/svg\" width=\"20\" height=\"20\" viewbox=\"0 0 20 20\" fill=\"none\">\r\n<path d=\"M0 0L20 10.1463L0 20L0 0Z\" fill=\"#EE8419\"\/>\r\n<\/svg>\n        \n        \n        \n            <\/div>\n    \n\n\n<\/div><h3 class=\"bde-heading-525-115 bde-heading\">\nTraining and support\n<\/h3>\n<\/div>\n<\/div><\/div>\n<\/section>","protected":false},"excerpt":{"rendered":"<p>Optimalizace proces\u016f \u00davod Anal\u00fdza a revize celn\u00edch postup\u016f Individu\u00e1ln\u00ed p\u0159\u00edstup Zjednodu\u0161en\u00ed administrativy Vzd\u011bl\u00e1v\u00e1n\u00ed a podpora<\/p>","protected":false},"author":1,"featured_media":0,"parent":50,"menu_order":0,"comment_status":"closed","ping_status":"closed","template":"","meta":{"_acf_changed":false,"_breakdance_hide_in_design_set":false,"_breakdance_tags":"","footnotes":""},"class_list":["post-525","page","type-page","status-publish","hentry"],"acf":[],"_links":{"self":[{"href":"https:\/\/zelinka.cz\/en\/wp-json\/wp\/v2\/pages\/525","targetHints":{"allow":["GET"]}}],"collection":[{"href":"https:\/\/zelinka.cz\/en\/wp-json\/wp\/v2\/pages"}],"about":[{"href":"https:\/\/zelinka.cz\/en\/wp-json\/wp\/v2\/types\/page"}],"author":[{"embeddable":true,"href":"https:\/\/zelinka.cz\/en\/wp-json\/wp\/v2\/users\/1"}],"replies":[{"embeddable":true,"href":"https:\/\/zelinka.cz\/en\/wp-json\/wp\/v2\/comments?post=525"}],"version-history":[{"count":15,"href":"https:\/\/zelinka.cz\/en\/wp-json\/wp\/v2\/pages\/525\/revisions"}],"predecessor-version":[{"id":1879,"href":"https:\/\/zelinka.cz\/en\/wp-json\/wp\/v2\/pages\/525\/revisions\/1879"}],"up":[{"embeddable":true,"href":"https:\/\/zelinka.cz\/en\/wp-json\/wp\/v2\/pages\/50"}],"wp:attachment":[{"href":"https:\/\/zelinka.cz\/en\/wp-json\/wp\/v2\/media?parent=525"}],"curies":[{"name":"wp","href":"https:\/\/api.w.org\/{rel}","templated":true}]}}