{"id":58,"date":"2025-10-29T18:02:05","date_gmt":"2025-10-29T16:02:05","guid":{"rendered":"https:\/\/zelinka.cz\/?page_id=58"},"modified":"2025-12-15T23:49:57","modified_gmt":"2025-12-15T21:49:57","slug":"links","status":"publish","type":"page","link":"https:\/\/zelinka.cz\/en\/links\/","title":{"rendered":"Useful links"},"content":{"rendered":"<section class=\"bde-section-58-100 bde-section hero-triangle-shape\">\n  \n  \n\t\n\n\n\n<div class=\"section-container\"><h1 class=\"bde-heading-58-101 bde-heading\">\nUseful links\n<\/h1><div class=\"bde-shortcode-58-189 bde-shortcode custom-breadcrumbs heading-dec-left\"><nav aria-label=\"breadcrumbs\" class=\"rank-math-breadcrumb\"><p><span class=\"last\">Home<\/span><\/p><\/nav><\/div><\/div>\n<\/section><section class=\"bde-section-58-103 bde-section polygon-shape-hero-section\">\n  \n  \n\t\n\n\n\n<div class=\"section-container\"><div class=\"bde-grid-58-104 bde-grid\">\n  \n  \n\t\n\n\n\n<div class=\"bde-div-58-117 bde-div\">\n  \n  \n\t\n\n\n\n<div class=\"bde-div-58-118 bde-div\">\n  \n  \n\t\n\n\n\n<div class=\"bde-text-58-119 bde-text heading-dec-left\">\n01\n<\/div><div class=\"bde-fancy-divider-58-120 bde-fancy-divider\">\n\n\n<div class=\"bde-fancy-divider__wrapper\">\n  <div class=\"bde-fancy-divider__separator\">\n  \t  <\/div>\n<\/div>\n\n<\/div>\n<\/div><div class=\"bde-div-58-121 bde-div\">\n  \n  \n\t\n\n\n\n<h3 class=\"bde-heading-58-122 bde-heading\">\nCustoms Administration of the Czech Republic\n<\/h3>\n<\/div><div class=\"bde-div-58-124 bde-div\">\n  \n  \n\t\n\n\n\n<div class=\"bde-button-58-125 bde-button button-hover-state\">\n    \n                        \n                        \n    \n    \n    \n    \n            \n                    \n            \n            \n\n    \n    \n    \n    \n    \n    <a class=\"breakdance-link button-atom button-atom--custom bde-button__button\" href=\"https:\/\/www.celnisprava.cz\/\" target=\"_blank\" data-type=\"url\" rel=\"noopener\">\n\n    \n        <span class=\"button-atom__text\">www.celnisprava.cz<\/span>\n\n                            \n        \n                <\/a>\n\n    \n\n\n<\/div>\n<\/div>\n<\/div><div class=\"bde-div-58-126 bde-div\">\n  \n  \n\t\n\n\n\n<div class=\"bde-div-58-127 bde-div\">\n  \n  \n\t\n\n\n\n<div class=\"bde-text-58-128 bde-text heading-dec-left\">\n02\n<\/div><div class=\"bde-fancy-divider-58-129 bde-fancy-divider\">\n\n\n<div class=\"bde-fancy-divider__wrapper\">\n  <div class=\"bde-fancy-divider__separator\">\n  \t  <\/div>\n<\/div>\n\n<\/div>\n<\/div><div class=\"bde-div-58-130 bde-div\">\n  \n  \n\t\n\n\n\n<h3 class=\"bde-heading-58-131 bde-heading\">\nMRN status\n<\/h3>\n<\/div><div class=\"bde-div-58-133 bde-div\">\n  \n  \n\t\n\n\n\n<div class=\"bde-button-58-134 bde-button button-hover-state\">\n    \n                        \n                        \n    \n    \n    \n    \n            \n                    \n            \n            \n\n    \n    \n    \n    \n    \n    <a class=\"breakdance-link button-atom button-atom--custom bde-button__button\" href=\"https:\/\/ec.europa.eu\/taxation_customs\/dds2\/ecs\/ecs_home.jsp?Lang=cs\" target=\"_blank\" data-type=\"url\" rel=\"noopener\">\n\n    \n        <span class=\"button-atom__text\">www.ec.europa.eu<\/span>\n\n                            \n        \n                <\/a>\n\n    \n\n\n<\/div>\n<\/div>\n<\/div><div class=\"bde-div-58-135 bde-div\">\n  \n  \n\t\n\n\n\n<div class=\"bde-div-58-136 bde-div\">\n  \n  \n\t\n\n\n\n<div class=\"bde-text-58-137 bde-text heading-dec-left\">\n03\n<\/div><div class=\"bde-fancy-divider-58-138 bde-fancy-divider\">\n\n\n<div class=\"bde-fancy-divider__wrapper\">\n  <div class=\"bde-fancy-divider__separator\">\n  \t  <\/div>\n<\/div>\n\n<\/div>\n<\/div><div class=\"bde-div-58-139 bde-div\">\n  \n  \n\t\n\n\n\n<h3 class=\"bde-heading-58-140 bde-heading\">\nEORI validation\n<\/h3>\n<\/div><div class=\"bde-div-58-142 bde-div\">\n  \n  \n\t\n\n\n\n<div class=\"bde-button-58-143 bde-button button-hover-state\">\n    \n                        \n                        \n    \n    \n    \n    \n            \n                    \n            \n            \n\n    \n    \n    \n    \n    \n    <a class=\"breakdance-link button-atom button-atom--custom bde-button__button\" href=\"https:\/\/ec.europa.eu\/taxation_customs\/dds2\/eos\/eori_validation.jsp?Lang=en\" target=\"_blank\" data-type=\"url\" rel=\"noopener\">\n\n    \n        <span class=\"button-atom__text\">www.ec.europa.eu<\/span>\n\n                            \n        \n                <\/a>\n\n    \n\n\n<\/div>\n<\/div>\n<\/div><div class=\"bde-div-58-144 bde-div\">\n  \n  \n\t\n\n\n\n<div class=\"bde-div-58-145 bde-div\">\n  \n  \n\t\n\n\n\n<div class=\"bde-text-58-146 bde-text heading-dec-left\">\n04\n<\/div><div class=\"bde-fancy-divider-58-147 bde-fancy-divider\">\n\n\n<div class=\"bde-fancy-divider__wrapper\">\n  <div class=\"bde-fancy-divider__separator\">\n  \t  <\/div>\n<\/div>\n\n<\/div>\n<\/div><div class=\"bde-div-58-148 bde-div\">\n  \n  \n\t\n\n\n\n<h3 class=\"bde-heading-58-149 bde-heading\">\nUnion Customs Code\n<\/h3>\n<\/div><div class=\"bde-div-58-151 bde-div\">\n  \n  \n\t\n\n\n\n<div class=\"bde-button-58-152 bde-button button-hover-state\">\n    \n                        \n                        \n    \n    \n    \n    \n            \n                    \n            \n            \n\n    \n    \n    \n    \n    \n    <a class=\"breakdance-link button-atom button-atom--custom bde-button__button\" href=\"https:\/\/eur-lex.europa.eu\/homepage.html\" target=\"_blank\" data-type=\"url\" rel=\"noopener\">\n\n    \n        <span class=\"button-atom__text\">www.eur-lex.europa.eu<\/span>\n\n                            \n        \n                <\/a>\n\n    \n\n\n<\/div>\n<\/div>\n<\/div><div class=\"bde-div-58-162 bde-div\">\n  \n  \n\t\n\n\n\n<div class=\"bde-div-58-163 bde-div\">\n  \n  \n\t\n\n\n\n<div class=\"bde-text-58-164 bde-text heading-dec-left\">\n05\n<\/div><div class=\"bde-fancy-divider-58-165 bde-fancy-divider\">\n\n\n<div class=\"bde-fancy-divider__wrapper\">\n  <div class=\"bde-fancy-divider__separator\">\n  \t  <\/div>\n<\/div>\n\n<\/div>\n<\/div><div class=\"bde-div-58-166 bde-div\">\n  \n  \n\t\n\n\n\n<h3 class=\"bde-heading-58-167 bde-heading\">\nEU preferential system\n<\/h3>\n<\/div><div class=\"bde-div-58-169 bde-div\">\n  \n  \n\t\n\n\n\n<div class=\"bde-button-58-170 bde-button button-hover-state\">\n    \n                        \n                        \n    \n    \n    \n    \n            \n                    \n            \n            \n\n    \n    \n    \n    \n    \n    <a class=\"breakdance-link button-atom button-atom--custom bde-button__button\" href=\"https:\/\/www.celnisprava.cz\/cz\/clo\/puvod-zbozi\/Stranky\/Puvod-zbozi.aspx\" target=\"_blank\" data-type=\"url\" rel=\"noopener\">\n\n    \n        <span class=\"button-atom__text\">www.celnisprava.cz<\/span>\n\n                            \n        \n                <\/a>\n\n    \n\n\n<\/div>\n<\/div>\n<\/div><div class=\"bde-div-58-171 bde-div\">\n  \n  \n\t\n\n\n\n<div class=\"bde-div-58-172 bde-div\">\n  \n  \n\t\n\n\n\n<div class=\"bde-text-58-173 bde-text heading-dec-left\">\n06\n<\/div><div class=\"bde-fancy-divider-58-174 bde-fancy-divider\">\n\n\n<div class=\"bde-fancy-divider__wrapper\">\n  <div class=\"bde-fancy-divider__separator\">\n  \t  <\/div>\n<\/div>\n\n<\/div>\n<\/div><div class=\"bde-div-58-175 bde-div\">\n  \n  \n\t\n\n\n\n<h3 class=\"bde-heading-58-176 bde-heading\">\nTARIC (EN)\n<\/h3>\n<\/div><div class=\"bde-div-58-178 bde-div\">\n  \n  \n\t\n\n\n\n<div class=\"bde-button-58-179 bde-button button-hover-state\">\n    \n                        \n                        \n    \n    \n    \n    \n            \n                    \n            \n            \n\n    \n    \n    \n    \n    \n    <a class=\"breakdance-link button-atom button-atom--custom bde-button__button\" href=\"https:\/\/www.celnisprava.cz\/cz\/aplikace\/Stranky\/taric-cz.aspx\" target=\"_blank\" data-type=\"url\" rel=\"noopener\">\n\n    \n        <span class=\"button-atom__text\">www.celnisprava.cz<\/span>\n\n                            \n        \n                <\/a>\n\n    \n\n\n<\/div>\n<\/div>\n<\/div><div class=\"bde-div-58-180 bde-div\">\n  \n  \n\t\n\n\n\n<div class=\"bde-div-58-181 bde-div\">\n  \n  \n\t\n\n\n\n<div class=\"bde-text-58-182 bde-text heading-dec-left\">\n07\n<\/div><div class=\"bde-fancy-divider-58-183 bde-fancy-divider\">\n\n\n<div class=\"bde-fancy-divider__wrapper\">\n  <div class=\"bde-fancy-divider__separator\">\n  \t  <\/div>\n<\/div>\n\n<\/div>\n<\/div><div class=\"bde-div-58-184 bde-div\">\n  \n  \n\t\n\n\n\n<h3 class=\"bde-heading-58-185 bde-heading\">\nState Administration\n<\/h3>\n<\/div><div class=\"bde-div-58-187 bde-div\">\n  \n  \n\t\n\n\n\n<div class=\"bde-button-58-188 bde-button button-hover-state\">\n    \n                        \n                        \n    \n    \n    \n    \n            \n                    \n            \n            \n\n    \n    \n    \n    \n    \n    <a class=\"breakdance-link button-atom button-atom--custom bde-button__button\" href=\"https:\/\/www.statnisprava.cz\/\" target=\"_blank\" data-type=\"url\" rel=\"noopener\">\n\n    \n        <span class=\"button-atom__text\">www.statnisprava.cz<\/span>\n\n                            \n        \n                <\/a>\n\n    \n\n\n<\/div>\n<\/div>\n<\/div><div class=\"bde-div-58-190 bde-div\">\n  \n  \n\t\n\n\n\n<div class=\"bde-div-58-191 bde-div\">\n  \n  \n\t\n\n\n\n<div class=\"bde-text-58-192 bde-text heading-dec-left\">\n08\n<\/div><div class=\"bde-fancy-divider-58-193 bde-fancy-divider\">\n\n\n<div class=\"bde-fancy-divider__wrapper\">\n  <div class=\"bde-fancy-divider__separator\">\n  \t  <\/div>\n<\/div>\n\n<\/div>\n<\/div><div class=\"bde-div-58-194 bde-div\">\n  \n  \n\t\n\n\n\n<h3 class=\"bde-heading-58-195 bde-heading\">\nVAT number validation\n<\/h3>\n<\/div><div class=\"bde-div-58-197 bde-div\">\n  \n  \n\t\n\n\n\n<div class=\"bde-button-58-198 bde-button button-hover-state\">\n    \n                        \n                        \n    \n    \n    \n    \n            \n                    \n            \n            \n\n    \n    \n    \n    \n    \n    <a class=\"breakdance-link button-atom button-atom--custom bde-button__button\" href=\"https:\/\/ec.europa.eu\/taxation_customs\/vies\/\" target=\"_blank\" data-type=\"url\" rel=\"noopener\">\n\n    \n        <span class=\"button-atom__text\">www.ec.europa.eu<\/span>\n\n                            \n        \n                <\/a>\n\n    \n\n\n<\/div>\n<\/div>\n<\/div><div class=\"bde-div-58-199 bde-div\">\n  \n  \n\t\n\n\n\n<div class=\"bde-div-58-200 bde-div\">\n  \n  \n\t\n\n\n\n<div class=\"bde-text-58-201 bde-text heading-dec-left\">\n09\n<\/div><div class=\"bde-fancy-divider-58-202 bde-fancy-divider\">\n\n\n<div class=\"bde-fancy-divider__wrapper\">\n  <div class=\"bde-fancy-divider__separator\">\n  \t  <\/div>\n<\/div>\n\n<\/div>\n<\/div><div class=\"bde-div-58-203 bde-div\">\n  \n  \n\t\n\n\n\n<h3 class=\"bde-heading-58-204 bde-heading\">\nARES \u2013 Business Register\n<\/h3>\n<\/div><div class=\"bde-div-58-206 bde-div\">\n  \n  \n\t\n\n\n\n<div class=\"bde-button-58-207 bde-button button-hover-state\">\n    \n                        \n                        \n    \n    \n    \n    \n            \n                    \n            \n            \n\n    \n    \n    \n    \n    \n    <a class=\"breakdance-link button-atom button-atom--custom bde-button__button\" href=\"https:\/\/ares.gov.cz\/\" target=\"_blank\" data-type=\"url\" rel=\"noopener\">\n\n    \n        <span class=\"button-atom__text\">ares.gov.cz<\/span>\n\n                            \n        \n                <\/a>\n\n    \n\n\n<\/div>\n<\/div>\n<\/div><div class=\"bde-div-58-208 bde-div\">\n  \n  \n\t\n\n\n\n<div class=\"bde-div-58-209 bde-div\">\n  \n  \n\t\n\n\n\n<div class=\"bde-text-58-210 bde-text heading-dec-left\">\n10\n<\/div><div class=\"bde-fancy-divider-58-211 bde-fancy-divider\">\n\n\n<div class=\"bde-fancy-divider__wrapper\">\n  <div class=\"bde-fancy-divider__separator\">\n  \t  <\/div>\n<\/div>\n\n<\/div>\n<\/div><div class=\"bde-div-58-212 bde-div\">\n  \n  \n\t\n\n\n\n<h3 class=\"bde-heading-58-213 bde-heading\">\nCzech Statistical Office\n<\/h3>\n<\/div><div class=\"bde-div-58-215 bde-div\">\n  \n  \n\t\n\n\n\n<div class=\"bde-button-58-216 bde-button button-hover-state\">\n    \n                        \n                        \n    \n    \n    \n    \n            \n                    \n            \n            \n\n    \n    \n    \n    \n    \n    <a class=\"breakdance-link button-atom button-atom--custom bde-button__button\" href=\"https:\/\/www.czso.cz\/\" target=\"_blank\" data-type=\"url\" rel=\"noopener\">\n\n    \n        <span class=\"button-atom__text\">www.czso.cz<\/span>\n\n                            \n        \n                <\/a>\n\n    \n\n\n<\/div>\n<\/div>\n<\/div><div class=\"bde-div-58-217 bde-div\">\n  \n  \n\t\n\n\n\n<div class=\"bde-div-58-218 bde-div\">\n  \n  \n\t\n\n\n\n<div class=\"bde-text-58-219 bde-text heading-dec-left\">\n11\n<\/div><div class=\"bde-fancy-divider-58-220 bde-fancy-divider\">\n\n\n<div class=\"bde-fancy-divider__wrapper\">\n  <div class=\"bde-fancy-divider__separator\">\n  \t  <\/div>\n<\/div>\n\n<\/div>\n<\/div><div class=\"bde-div-58-221 bde-div\">\n  \n  \n\t\n\n\n\n<h3 class=\"bde-heading-58-222 bde-heading\">\nCommercial Register of the Czech Republic\n<\/h3>\n<\/div><div class=\"bde-div-58-224 bde-div\">\n  \n  \n\t\n\n\n\n<div class=\"bde-button-58-225 bde-button button-hover-state\">\n    \n                        \n                        \n    \n    \n    \n    \n            \n                    \n            \n            \n\n    \n    \n    \n    \n    \n    <a class=\"breakdance-link button-atom button-atom--custom bde-button__button\" href=\"https:\/\/www.rzp.cz\/\" target=\"_blank\" data-type=\"url\" rel=\"noopener\">\n\n    \n        <span class=\"button-atom__text\">www.rzp.cz<\/span>\n\n                            \n        \n                <\/a>\n\n    \n\n\n<\/div>\n<\/div>\n<\/div><div class=\"bde-div-58-226 bde-div\">\n  \n  \n\t\n\n\n\n<div class=\"bde-div-58-227 bde-div\">\n  \n  \n\t\n\n\n\n<div class=\"bde-text-58-228 bde-text heading-dec-left\">\n12\n<\/div><div class=\"bde-fancy-divider-58-229 bde-fancy-divider\">\n\n\n<div class=\"bde-fancy-divider__wrapper\">\n  <div class=\"bde-fancy-divider__separator\">\n  \t  <\/div>\n<\/div>\n\n<\/div>\n<\/div><div class=\"bde-div-58-230 bde-div\">\n  \n  \n\t\n\n\n\n<h3 class=\"bde-heading-58-231 bde-heading\">\nCzech Statistical Office\n<\/h3>\n<\/div><div class=\"bde-div-58-233 bde-div\">\n  \n  \n\t\n\n\n\n<div class=\"bde-button-58-234 bde-button button-hover-state\">\n    \n                        \n                        \n    \n    \n    \n    \n            \n                    \n            \n            \n\n    \n    \n    \n    \n    \n    <a class=\"breakdance-link button-atom button-atom--custom bde-button__button\" href=\"https:\/\/www.justice.cz\/cgi-bin\/sqw1250.cgi\/or\/l_hled.sqw\" target=\"_blank\" data-type=\"url\" rel=\"noopener\">\n\n    \n        <span class=\"button-atom__text\">www.justice.cz<\/span>\n\n                            \n        \n                <\/a>\n\n    \n\n\n<\/div>\n<\/div>\n<\/div><div class=\"bde-div-58-235 bde-div\">\n  \n  \n\t\n\n\n\n<div class=\"bde-div-58-236 bde-div\">\n  \n  \n\t\n\n\n\n<div class=\"bde-text-58-237 bde-text heading-dec-left\">\n13\n<\/div><div class=\"bde-fancy-divider-58-238 bde-fancy-divider\">\n\n\n<div class=\"bde-fancy-divider__wrapper\">\n  <div class=\"bde-fancy-divider__separator\">\n  \t  <\/div>\n<\/div>\n\n<\/div>\n<\/div><div class=\"bde-div-58-239 bde-div\">\n  \n  \n\t\n\n\n\n<h3 class=\"bde-heading-58-240 bde-heading\">\nMinistry of Finance of the Czech Republic\n<\/h3>\n<\/div><div class=\"bde-div-58-242 bde-div\">\n  \n  \n\t\n\n\n\n<div class=\"bde-button-58-243 bde-button button-hover-state\">\n    \n                        \n                        \n    \n    \n    \n    \n            \n                    \n            \n            \n\n    \n    \n    \n    \n    \n    <a class=\"breakdance-link button-atom button-atom--custom bde-button__button\" href=\"https:\/\/www.mfcr.cz\/\" target=\"_blank\" data-type=\"url\" rel=\"noopener\">\n\n    \n        <span class=\"button-atom__text\">www.mfcr.cz<\/span>\n\n                            \n        \n                <\/a>\n\n    \n\n\n<\/div>\n<\/div>\n<\/div>\n<\/div><\/div>\n<\/section>","protected":false},"excerpt":{"rendered":"<p>D\u016fle\u017eit\u00e9 odkazy \u00davod 01 Celn\u00ed spr\u00e1va \u010cR www.celnisprava.cz 02 Stav MRN www.ec.europa.eu 03 Ov\u011b\u0159en\u00ed platnosti EORi www.ec.europa.eu 04 Celn\u00ed kodex EU www.eur-lex.europa.eu 05 Syst\u00e9m preferenc\u00ed EU www.celnisprava.cz 06 TARIC CZ www.celnisprava.cz 07 St\u00e1tn\u00ed spr\u00e1va www.statnisprava.cz 08 DI\u010c &#8211; ov\u011b\u0159en\u00ed platnosti www.ec.europa.eu 09 ARES ares.gov.cz 10 \u010cesk\u00fd statistick\u00fd \u00fa\u0159ad www.czso.cz 11 Registr \u017eivnostensk\u00e9ho podnik\u00e1n\u00ed www.rzp.cz 12 [&hellip;]<\/p>","protected":false},"author":1,"featured_media":0,"parent":0,"menu_order":0,"comment_status":"closed","ping_status":"closed","template":"","meta":{"_acf_changed":false,"_breakdance_hide_in_design_set":false,"_breakdance_tags":"","footnotes":""},"class_list":["post-58","page","type-page","status-publish","hentry"],"acf":[],"_links":{"self":[{"href":"https:\/\/zelinka.cz\/en\/wp-json\/wp\/v2\/pages\/58","targetHints":{"allow":["GET"]}}],"collection":[{"href":"https:\/\/zelinka.cz\/en\/wp-json\/wp\/v2\/pages"}],"about":[{"href":"https:\/\/zelinka.cz\/en\/wp-json\/wp\/v2\/types\/page"}],"author":[{"embeddable":true,"href":"https:\/\/zelinka.cz\/en\/wp-json\/wp\/v2\/users\/1"}],"replies":[{"embeddable":true,"href":"https:\/\/zelinka.cz\/en\/wp-json\/wp\/v2\/comments?post=58"}],"version-history":[{"count":25,"href":"https:\/\/zelinka.cz\/en\/wp-json\/wp\/v2\/pages\/58\/revisions"}],"predecessor-version":[{"id":1818,"href":"https:\/\/zelinka.cz\/en\/wp-json\/wp\/v2\/pages\/58\/revisions\/1818"}],"wp:attachment":[{"href":"https:\/\/zelinka.cz\/en\/wp-json\/wp\/v2\/media?parent=58"}],"curies":[{"name":"wp","href":"https:\/\/api.w.org\/{rel}","templated":true}]}}