{"id":767,"date":"2025-11-21T16:14:07","date_gmt":"2025-11-21T14:14:07","guid":{"rendered":"https:\/\/zelinka.cz\/?page_id=767"},"modified":"2025-12-12T17:56:18","modified_gmt":"2025-12-12T15:56:18","slug":"great-britain","status":"publish","type":"page","link":"https:\/\/zelinka.cz\/en\/contact\/great-britain\/","title":{"rendered":"Contacts - United Kingdom"},"content":{"rendered":"<section class=\"bde-section-767-100 bde-section hero-triangle-shape\">\n  \n  \n\t\n\n\n\n<div class=\"section-container\"><h1 class=\"bde-heading-767-101 bde-heading\">\nContacts - United Kingdom\n<\/h1><div class=\"bde-shortcode-767-102 bde-shortcode custom-breadcrumbs heading-dec-left\"><nav aria-label=\"breadcrumbs\" class=\"rank-math-breadcrumb\"><p><span class=\"last\">Home<\/span><\/p><\/nav><\/div><\/div>\n<\/section><section class=\"bde-section-767-103 bde-section polygon-shape-hero-section\">\n  \n  \n\t\n\n\n\n<div class=\"section-container\"><div class=\"bde-div-767-104 bde-div\">\n  \n  \n\t\n\n\n\n<div class=\"bde-div-767-105 bde-div\">\n  \n  \n\t\n\n\n\n<div class=\"bde-div-767-137 bde-div\">\n  \n  \n\t\n\n\n\n<img decoding=\"async\" class=\"bde-image2-767-139 bde-image2\" src=\"https:\/\/zelinka.cz\/wp-content\/uploads\/pobocka-ilustracni-foto.webp\" loading=\"lazy\" srcset=\"https:\/\/zelinka.cz\/wp-content\/uploads\/pobocka-ilustracni-foto.webp 843w, https:\/\/zelinka.cz\/wp-content\/uploads\/pobocka-ilustracni-foto-300x107.webp 300w, https:\/\/zelinka.cz\/wp-content\/uploads\/pobocka-ilustracni-foto-768x273.webp 768w\" sizes=\"(max-width: 843px) 100vw, 843px\"><div class=\"bde-div-767-140 bde-div\">\n  \n  \n\t\n\n\n\n<h2 class=\"bde-heading-767-106 bde-heading\">\nManchester branch \n<\/h2><div class=\"bde-icon-list-767-107 bde-icon-list\">\n<ul>\n  \n              \n    <li>\n              <div class='bde-icon-list__item-wrapper'>\n      \n      <span class='bde-icon-list__icon'>\n        <svg xmlns=\"http:\/\/www.w3.org\/2000\/svg\" width=\"18\" height=\"24\" viewbox=\"0 0 18 24\" fill=\"none\">\r\n<path d=\"M8.72727 0C6.4136 0.00316505 4.19557 0.952392 2.55955 2.63953C0.923532 4.32667 0.00306914 6.61402 0 8.99999C0 15.4612 8.13091 23.5537 8.47636 23.895C8.54356 23.9623 8.63357 24 8.72727 24C8.82098 24 8.91099 23.9623 8.97818 23.895C9.32364 23.5537 17.4545 15.4612 17.4545 8.99999C17.4515 6.61402 16.531 4.32667 14.895 2.63953C13.259 0.952392 11.0409 0.00316505 8.72727 0ZM8.72727 13.125C7.93615 13.125 7.16279 12.8831 6.50499 12.4298C5.8472 11.9765 5.33451 11.3323 5.03175 10.5786C4.729 9.82481 4.64979 8.99541 4.80413 8.19524C4.95847 7.39507 5.33944 6.66007 5.89885 6.08318C6.45826 5.50629 7.17099 5.11342 7.94691 4.95426C8.72284 4.79509 9.5271 4.87678 10.258 5.18899C10.9889 5.5012 11.6136 6.02991 12.0532 6.70827C12.4927 7.38662 12.7273 8.18414 12.7273 8.99999C12.7266 10.0938 12.305 11.1426 11.555 11.9161C10.805 12.6895 9.78794 13.1243 8.72727 13.125Z\" fill=\"#EE8419\"\/>\r\n<\/svg>\n      <\/span>\n      <span class='bde-icon-list__text' >\n      111 Piccadilly, Piccadilly, Manchester M1 2HY, United Kingdom\n      <\/span>\n              <\/div>\n      \n    <\/li>\n\n  <\/ul>\n\n<\/div><div class=\"bde-button-767-133 bde-button button-hover-state\">\n    \n                        \n                        \n    \n    \n    \n    \n            \n                    \n            \n            \n\n    \n    \n    \n    \n    \n    <a class=\"breakdance-link button-atom button-atom--custom bde-button__button\" href=\"https:\/\/maps.app.goo.gl\/pCUApZmTkCats7HG8\" target=\"_blank\" data-type=\"url\" rel=\"noopener\">\n\n    \n        <span class=\"button-atom__text\">Get directions<\/span>\n\n                            \n        \n                <\/a>\n\n    \n\n\n<\/div>\n<\/div>\n<\/div>\n<\/div><div class=\"bde-div-767-109 bde-div\">\n  \n  \n\t\n\n\n\n<div class=\"bde-google-map-767-110 bde-google-map\">\r\n<iframe width=\"100%\" height=\"100%\" style=\"border:0\" loading=\"lazy\" title=\"Map\" src=\"https:\/\/maps.google.com\/maps?q=111+Piccadilly%2C+Piccadilly%2C+Manchester+M1+2HY%2C+United+Kingdom&t=m&z=11&output=embed&iwloc=near\" allowfullscreen><\/iframe>\n<\/div>\n<\/div>\n<\/div><div class=\"bde-fancy-divider-767-132 bde-fancy-divider\">\n\n\n<div class=\"bde-fancy-divider__wrapper\">\n  <div class=\"bde-fancy-divider__separator\">\n  \t  <\/div>\n<\/div>\n\n<\/div><div class=\"bde-grid-767-111 bde-grid\">\n  \n  \n\t\n\n\n\n<div class=\"bde-div-767-112 bde-div\">\n  \n  \n\t\n\n\n\n<div class=\"bde-text-767-168 bde-text heading-dec-left\">\nDepartment\n<\/div><h3 class=\"bde-heading-767-135 bde-heading\">\nImport \/ Export\n<\/h3><div class=\"bde-fancy-divider-767-114 bde-fancy-divider\">\n\n\n<div class=\"bde-fancy-divider__wrapper\">\n  <div class=\"bde-fancy-divider__separator\">\n  \t  <\/div>\n<\/div>\n\n<\/div><div class=\"bde-icon-list-767-136 bde-icon-list cst-mega-contact-list\">\n<ul>\n  \n              \n    <li>\n                      \n            \n            \n\n    \n    \n    \n    \n    \n    <a class=\"breakdance-link bde-icon-list__item-wrapper\" href=\"tel:+420605495186\" target=\"_self\" data-type=\"url\"  >\n\n      \n      <span class='bde-icon-list__icon'>\n        <svg xmlns=\"http:\/\/www.w3.org\/2000\/svg\" width=\"800px\" height=\"800px\" viewbox=\"0 0 24 24\" fill=\"none\">\r\n\r\n<g id=\"SVGRepo_bgCarrier\" stroke-width=\"0\"\/>\r\n\r\n<g id=\"SVGRepo_tracerCarrier\" stroke-linecap=\"round\" stroke-linejoin=\"round\"\/>\r\n\r\n<g id=\"SVGRepo_iconCarrier\"> <path d=\"M16.5562 12.9062L16.1007 13.359C16.1007 13.359 15.0181 14.4355 12.0631 11.4972C9.10812 8.55901 10.1907 7.48257 10.1907 7.48257L10.4775 7.19738C11.1841 6.49484 11.2507 5.36691 10.6342 4.54348L9.37326 2.85908C8.61028 1.83992 7.13596 1.70529 6.26145 2.57483L4.69185 4.13552C4.25823 4.56668 3.96765 5.12559 4.00289 5.74561C4.09304 7.33182 4.81071 10.7447 8.81536 14.7266C13.0621 18.9492 17.0468 19.117 18.6763 18.9651C19.1917 18.9171 19.6399 18.6546 20.0011 18.2954L21.4217 16.883C22.3806 15.9295 22.1102 14.2949 20.8833 13.628L18.9728 12.5894C18.1672 12.1515 17.1858 12.2801 16.5562 12.9062Z\" fill=\"#EE8419\"\/> <\/g>\r\n\r\n<\/svg>\n      <\/span>\n      <span class='bde-icon-list__text' >\n      +420 605 495 186\n      <\/span>\n                  <\/a>\n\n      \n    <\/li>\n\n  \n              \n    <li>\n                      \n            \n            \n\n    \n    \n    \n    \n    \n    <a class=\"breakdance-link bde-icon-list__item-wrapper\" href=\"mailto:uk@zelinka.uk\" target=\"_self\" data-type=\"url\"  >\n\n      \n      <span class='bde-icon-list__icon'>\n        <svg xmlns=\"http:\/\/www.w3.org\/2000\/svg\" width=\"22\" height=\"16\" viewbox=\"0 0 22 16\" fill=\"none\">\r\n<path d=\"M2.11156 4.93184C2.38986 5.11361 3.22875 5.65349 4.62827 6.55118C6.02784 7.44888 7.1 8.14008 7.8448 8.62483C7.92663 8.67797 8.10048 8.79347 8.36644 8.97151C8.63244 9.14966 8.85346 9.29363 9.02933 9.40344C9.20533 9.51322 9.41809 9.63636 9.66784 9.77268C9.91749 9.90889 10.1528 10.0113 10.3738 10.0792C10.5948 10.1475 10.7994 10.1814 10.9876 10.1814H11H11.0124C11.2006 10.1814 11.4053 10.1475 11.6263 10.0792C11.8472 10.0113 12.0827 9.90877 12.3322 9.77268C12.5817 9.6362 12.7945 9.51318 12.9705 9.40344C13.1465 9.29363 13.3673 9.14966 13.6334 8.97151C13.8993 8.79331 14.0734 8.67797 14.1552 8.62483C14.9081 8.14008 16.8234 6.90897 19.9007 4.9316C20.4981 4.5454 20.9973 4.07939 21.3983 3.53391C21.7995 2.98866 22 2.41666 22 1.81824C22 1.31817 21.8055 0.890094 21.4167 0.534064C21.0279 0.177955 20.5675 0 20.0356 0H1.9642C1.33403 0 0.849079 0.196941 0.509422 0.590822C0.169807 0.984783 0 1.47721 0 2.06808C0 2.54534 0.225148 3.06253 0.67523 3.61932C1.12527 4.17615 1.6042 4.6137 2.11156 4.93184Z\" fill=\"#EE8419\"\/>\r\n<path d=\"M20.7721 6.14778C18.0879 7.82946 16.0497 9.1364 14.6585 10.0683C14.192 10.3864 13.8136 10.6347 13.5229 10.8126C13.2323 10.9906 12.8458 11.1724 12.3628 11.358C11.88 11.5438 11.43 11.6364 11.0125 11.6364H11H10.9877C10.5703 11.6364 10.1201 11.5438 9.63726 11.358C9.15446 11.1724 8.76767 10.9906 8.47712 10.8126C8.18666 10.6347 7.80808 10.3864 7.34162 10.0683C6.23665 9.31838 4.20283 8.01136 1.24008 6.14778C0.773442 5.86009 0.360126 5.53033 0 5.15918V14.1817C0 14.682 0.192253 15.1099 0.576975 15.4659C0.961611 15.8221 1.42412 16.0002 1.96433 16.0002H20.0358C20.5759 16.0002 21.0383 15.8221 21.423 15.4659C21.8078 15.1097 22 14.6821 22 14.1817V5.15918C21.648 5.52265 21.2389 5.85241 20.7721 6.14778Z\" fill=\"#EE8419\"\/>\r\n<\/svg>\n      <\/span>\n      <span class='bde-icon-list__text' >\n      uk@zelinka.uk\n      <\/span>\n                  <\/a>\n\n      \n    <\/li>\n\n  <\/ul>\n\n<\/div>\n<\/div><div class=\"bde-div-767-147 bde-div\">\n  \n  \n\t\n\n\n\n<div class=\"bde-text-767-169 bde-text heading-dec-left\">\nDirector UK\n<\/div><h3 class=\"bde-heading-767-149 bde-heading\">\nFilip Jura\u010dka\n<\/h3><div class=\"bde-fancy-divider-767-150 bde-fancy-divider\">\n\n\n<div class=\"bde-fancy-divider__wrapper\">\n  <div class=\"bde-fancy-divider__separator\">\n  \t  <\/div>\n<\/div>\n\n<\/div><div class=\"bde-icon-list-767-151 bde-icon-list cst-mega-contact-list\">\n<ul>\n  \n              \n    <li>\n                      \n            \n            \n\n    \n    \n    \n    \n    \n    <a class=\"breakdance-link bde-icon-list__item-wrapper\" href=\"tel:+420730155453\" target=\"_self\" data-type=\"url\"  >\n\n      \n      <span class='bde-icon-list__icon'>\n        <svg xmlns=\"http:\/\/www.w3.org\/2000\/svg\" width=\"800px\" height=\"800px\" viewbox=\"0 0 24 24\" fill=\"none\">\r\n\r\n<g id=\"SVGRepo_bgCarrier\" stroke-width=\"0\"\/>\r\n\r\n<g id=\"SVGRepo_tracerCarrier\" stroke-linecap=\"round\" stroke-linejoin=\"round\"\/>\r\n\r\n<g id=\"SVGRepo_iconCarrier\"> <path d=\"M16.5562 12.9062L16.1007 13.359C16.1007 13.359 15.0181 14.4355 12.0631 11.4972C9.10812 8.55901 10.1907 7.48257 10.1907 7.48257L10.4775 7.19738C11.1841 6.49484 11.2507 5.36691 10.6342 4.54348L9.37326 2.85908C8.61028 1.83992 7.13596 1.70529 6.26145 2.57483L4.69185 4.13552C4.25823 4.56668 3.96765 5.12559 4.00289 5.74561C4.09304 7.33182 4.81071 10.7447 8.81536 14.7266C13.0621 18.9492 17.0468 19.117 18.6763 18.9651C19.1917 18.9171 19.6399 18.6546 20.0011 18.2954L21.4217 16.883C22.3806 15.9295 22.1102 14.2949 20.8833 13.628L18.9728 12.5894C18.1672 12.1515 17.1858 12.2801 16.5562 12.9062Z\" fill=\"#EE8419\"\/> <\/g>\r\n\r\n<\/svg>\n      <\/span>\n      <span class='bde-icon-list__text' >\n      +420 730 155 453\n      <\/span>\n                  <\/a>\n\n      \n    <\/li>\n\n  \n              \n    <li>\n                      \n            \n            \n\n    \n    \n    \n    \n    \n    <a class=\"breakdance-link bde-icon-list__item-wrapper\" href=\"mailto:filip.juracka@zelinka.uk\" target=\"_self\" data-type=\"url\"  >\n\n      \n      <span class='bde-icon-list__icon'>\n        <svg xmlns=\"http:\/\/www.w3.org\/2000\/svg\" width=\"22\" height=\"16\" viewbox=\"0 0 22 16\" fill=\"none\">\r\n<path d=\"M2.11156 4.93184C2.38986 5.11361 3.22875 5.65349 4.62827 6.55118C6.02784 7.44888 7.1 8.14008 7.8448 8.62483C7.92663 8.67797 8.10048 8.79347 8.36644 8.97151C8.63244 9.14966 8.85346 9.29363 9.02933 9.40344C9.20533 9.51322 9.41809 9.63636 9.66784 9.77268C9.91749 9.90889 10.1528 10.0113 10.3738 10.0792C10.5948 10.1475 10.7994 10.1814 10.9876 10.1814H11H11.0124C11.2006 10.1814 11.4053 10.1475 11.6263 10.0792C11.8472 10.0113 12.0827 9.90877 12.3322 9.77268C12.5817 9.6362 12.7945 9.51318 12.9705 9.40344C13.1465 9.29363 13.3673 9.14966 13.6334 8.97151C13.8993 8.79331 14.0734 8.67797 14.1552 8.62483C14.9081 8.14008 16.8234 6.90897 19.9007 4.9316C20.4981 4.5454 20.9973 4.07939 21.3983 3.53391C21.7995 2.98866 22 2.41666 22 1.81824C22 1.31817 21.8055 0.890094 21.4167 0.534064C21.0279 0.177955 20.5675 0 20.0356 0H1.9642C1.33403 0 0.849079 0.196941 0.509422 0.590822C0.169807 0.984783 0 1.47721 0 2.06808C0 2.54534 0.225148 3.06253 0.67523 3.61932C1.12527 4.17615 1.6042 4.6137 2.11156 4.93184Z\" fill=\"#EE8419\"\/>\r\n<path d=\"M20.7721 6.14778C18.0879 7.82946 16.0497 9.1364 14.6585 10.0683C14.192 10.3864 13.8136 10.6347 13.5229 10.8126C13.2323 10.9906 12.8458 11.1724 12.3628 11.358C11.88 11.5438 11.43 11.6364 11.0125 11.6364H11H10.9877C10.5703 11.6364 10.1201 11.5438 9.63726 11.358C9.15446 11.1724 8.76767 10.9906 8.47712 10.8126C8.18666 10.6347 7.80808 10.3864 7.34162 10.0683C6.23665 9.31838 4.20283 8.01136 1.24008 6.14778C0.773442 5.86009 0.360126 5.53033 0 5.15918V14.1817C0 14.682 0.192253 15.1099 0.576975 15.4659C0.961611 15.8221 1.42412 16.0002 1.96433 16.0002H20.0358C20.5759 16.0002 21.0383 15.8221 21.423 15.4659C21.8078 15.1097 22 14.6821 22 14.1817V5.15918C21.648 5.52265 21.2389 5.85241 20.7721 6.14778Z\" fill=\"#EE8419\"\/>\r\n<\/svg>\n      <\/span>\n      <span class='bde-icon-list__text' >\n      filip.juracka@zelinka.uk\n      <\/span>\n                  <\/a>\n\n      \n    <\/li>\n\n  <\/ul>\n\n<\/div>\n<\/div>\n<\/div><\/div>\n<\/section>","protected":false},"excerpt":{"rendered":"<p>Kontakty &#8211; Velk\u00e1 Brit\u00e1nie \u00davod Pobo\u010dka Manchester 111 Piccadilly, Piccadilly, Manchester M1 2HY, United Kingdom Zobrazit trasu Odd\u011blen\u00ed Dovozn\u00ed \/ V\u00fdvozn\u00ed +420 605 495 186 uk@zelinka.uk Director UK Filip Jura\u010dka +420 730 155 453 filip.juracka@zelinka.uk<\/p>","protected":false},"author":1,"featured_media":0,"parent":56,"menu_order":0,"comment_status":"closed","ping_status":"closed","template":"","meta":{"_acf_changed":false,"_breakdance_hide_in_design_set":false,"_breakdance_tags":"","footnotes":""},"class_list":["post-767","page","type-page","status-publish","hentry"],"acf":[],"_links":{"self":[{"href":"https:\/\/zelinka.cz\/en\/wp-json\/wp\/v2\/pages\/767","targetHints":{"allow":["GET"]}}],"collection":[{"href":"https:\/\/zelinka.cz\/en\/wp-json\/wp\/v2\/pages"}],"about":[{"href":"https:\/\/zelinka.cz\/en\/wp-json\/wp\/v2\/types\/page"}],"author":[{"embeddable":true,"href":"https:\/\/zelinka.cz\/en\/wp-json\/wp\/v2\/users\/1"}],"replies":[{"embeddable":true,"href":"https:\/\/zelinka.cz\/en\/wp-json\/wp\/v2\/comments?post=767"}],"version-history":[{"count":14,"href":"https:\/\/zelinka.cz\/en\/wp-json\/wp\/v2\/pages\/767\/revisions"}],"predecessor-version":[{"id":1749,"href":"https:\/\/zelinka.cz\/en\/wp-json\/wp\/v2\/pages\/767\/revisions\/1749"}],"up":[{"embeddable":true,"href":"https:\/\/zelinka.cz\/en\/wp-json\/wp\/v2\/pages\/56"}],"wp:attachment":[{"href":"https:\/\/zelinka.cz\/en\/wp-json\/wp\/v2\/media?parent=767"}],"curies":[{"name":"wp","href":"https:\/\/api.w.org\/{rel}","templated":true}]}}